{"id":759,"date":"2025-12-08T13:58:33","date_gmt":"2025-12-08T11:58:33","guid":{"rendered":"https:\/\/gullstrom.sivustamo.dev\/stipendium\/"},"modified":"2026-04-14T15:04:48","modified_gmt":"2026-04-14T12:04:48","slug":"stipendium","status":"publish","type":"page","link":"https:\/\/gullstrom.sivustamo.dev\/sv\/stipendium\/","title":{"rendered":"Stipendium"},"content":{"rendered":"\t\t<div data-elementor-type=\"wp-page\" data-elementor-id=\"759\" class=\"elementor elementor-759 elementor-598\" data-elementor-post-type=\"page\">\n\t\t\t\t<div class=\"elementor-element elementor-element-e9610b8 e-con-full e-flex e-con e-parent\" data-id=\"e9610b8\" data-element_type=\"container\" data-e-type=\"container\" data-settings=\"{&quot;jet_parallax_layout_list&quot;:[]}\">\n\t\t\t\t<div class=\"elementor-element elementor-element-b226620 elementor-widget elementor-widget-template\" data-id=\"b226620\" data-element_type=\"widget\" data-e-type=\"widget\" data-widget_type=\"template.default\">\n\t\t\t\t<div class=\"elementor-widget-container\">\n\t\t\t\t\t\t\t<div class=\"elementor-template\">\n\t\t\t\t\t<div data-elementor-type=\"container\" data-elementor-id=\"582\" class=\"elementor elementor-582\" data-elementor-post-type=\"elementor_library\">\n\t\t\t\t<div class=\"elementor-element elementor-element-6772172a e-con-full e-flex e-con e-parent\" data-id=\"6772172a\" data-element_type=\"container\" data-e-type=\"container\" data-settings=\"{&quot;jet_parallax_layout_list&quot;:[]}\">\n\t\t<div class=\"elementor-element elementor-element-17abb3b9 e-con-full e-flex e-con e-child\" data-id=\"17abb3b9\" data-element_type=\"container\" data-e-type=\"container\" data-settings=\"{&quot;jet_parallax_layout_list&quot;:[]}\">\n\t\t<div class=\"elementor-element elementor-element-57275c9c e-con-full box-shadow e-flex e-con e-child\" data-id=\"57275c9c\" data-element_type=\"container\" data-e-type=\"container\" data-settings=\"{&quot;jet_parallax_layout_list&quot;:[],&quot;background_background&quot;:&quot;classic&quot;}\">\n\t\t<div class=\"elementor-element elementor-element-71045994 e-con-full e-flex e-con e-child\" data-id=\"71045994\" data-element_type=\"container\" data-e-type=\"container\" data-settings=\"{&quot;jet_parallax_layout_list&quot;:[]}\">\n\t\t\t\t<\/div>\n\t\t\t\t<\/div>\n\t\t<div class=\"elementor-element elementor-element-45c1d3ee e-con-full e-flex e-con e-child\" data-id=\"45c1d3ee\" data-element_type=\"container\" data-e-type=\"container\" data-settings=\"{&quot;jet_parallax_layout_list&quot;:[],&quot;background_background&quot;:&quot;classic&quot;}\">\n\t\t\t\t<div class=\"elementor-element elementor-element-79197940 elementor-widget elementor-widget-image\" data-id=\"79197940\" data-element_type=\"widget\" data-e-type=\"widget\" data-widget_type=\"image.default\">\n\t\t\t\t<div class=\"elementor-widget-container\">\n\t\t\t\t\t\t\t\t\t\t\t\t\t\t\t<img fetchpriority=\"high\" decoding=\"async\" width=\"1770\" height=\"1257\" src=\"https:\/\/gullstrom.sivustamo.dev\/wp-content\/uploads\/2025\/12\/1.jpg\" class=\"attachment-full size-full wp-image-443\" alt=\"\" srcset=\"https:\/\/gullstrom.sivustamo.dev\/wp-content\/uploads\/2025\/12\/1.jpg 1770w, https:\/\/gullstrom.sivustamo.dev\/wp-content\/uploads\/2025\/12\/1-300x213.jpg 300w, https:\/\/gullstrom.sivustamo.dev\/wp-content\/uploads\/2025\/12\/1-1024x727.jpg 1024w, https:\/\/gullstrom.sivustamo.dev\/wp-content\/uploads\/2025\/12\/1-768x545.jpg 768w, https:\/\/gullstrom.sivustamo.dev\/wp-content\/uploads\/2025\/12\/1-1536x1091.jpg 1536w\" sizes=\"(max-width: 1770px) 100vw, 1770px\" \/>\t\t\t\t\t\t\t\t\t\t\t\t\t\t\t<\/div>\n\t\t\t\t<\/div>\n\t\t\t\t<\/div>\n\t\t\t\t<\/div>\n\t\t\t\t<\/div>\n\t\t\t\t<\/div>\n\t\t\t\t<\/div>\n\t\t\t\t\t\t<\/div>\n\t\t\t\t<\/div>\n\t\t\t\t<\/div>\n\t\t<div class=\"elementor-element elementor-element-f7c8eb0 osiomargin e-flex e-con-boxed e-con e-parent\" data-id=\"f7c8eb0\" data-element_type=\"container\" data-e-type=\"container\" data-settings=\"{&quot;jet_parallax_layout_list&quot;:[]}\">\n\t\t\t\t\t<div class=\"e-con-inner\">\n\t\t<div class=\"elementor-element elementor-element-c4336ee e-con-full e-flex e-con e-child\" data-id=\"c4336ee\" data-element_type=\"container\" data-e-type=\"container\" data-settings=\"{&quot;jet_parallax_layout_list&quot;:[]}\">\n\t\t\t\t<div class=\"elementor-element elementor-element-8677e75 elementor-widget elementor-widget-text-editor\" data-id=\"8677e75\" data-element_type=\"widget\" data-e-type=\"widget\" data-widget_type=\"text-editor.default\">\n\t\t\t\t<div class=\"elementor-widget-container\">\n\t\t\t\t\t\t\t\t\t<h2>Kriterier f\u00f6r utdelning av bidrag<\/h2><p>Syskonen Gullstr\u00f6ms stiftelse delar ut stipendier till studenter med anknytning till Dragsfj\u00e4rd. Syftet med stiftelsen \u00e4r att st\u00f6dja ungdomar p\u00e5 deras utbildningsv\u00e4g och uppmuntra till l\u00e5ngsiktigt l\u00e4rande.<\/p><p>Stipendierna riktas i f\u00f6rsta hand till:<\/p><ul><li><strong>F\u00f6r heltidsstuderande<\/strong> vid gymnasier-, yrkes- eller h\u00f6gskola.<\/li><li><strong>S\u00f6kande med anknytning till omr\u00e5det<\/strong> &#8211; till exempel familjebakgrund, bostadsort eller annan anknytning till Dragsfj\u00e4rdsregionen.<\/li><li><strong>F\u00f6r studenter som visar ambition, motivation och engagemang f\u00f6r sina studier.<\/strong><\/li><\/ul><p>Stipendiernas storlek och antal varierar fr\u00e5n \u00e5r till \u00e5r beroende p\u00e5 stiftelsens ekonomiska situation. Ans\u00f6kningar behandlas konfidentiellt och beslut fattas av stiftelsens styrelse i enlighet med stiftelsens stadgar och \u00e4ndam\u00e5l.<br>Stiftelsen hoppas att det st\u00f6d som ges inte bara skall underl\u00e4tta vardagen utan ocks\u00e5 uppmuntra unga m\u00e4nniskor att \u00e5terv\u00e4nda till sin hembygd och bidra till att bygga dess framtid. <\/p>\t\t\t\t\t\t\t\t<\/div>\n\t\t\t\t<\/div>\n\t\t\t\t<\/div>\n\t\t<div class=\"elementor-element elementor-element-8d21f0b e-con-full box-shadow e-flex e-con e-child\" data-id=\"8d21f0b\" data-element_type=\"container\" data-e-type=\"container\" id=\"hae-stipendia\" data-settings=\"{&quot;jet_parallax_layout_list&quot;:[],&quot;background_background&quot;:&quot;classic&quot;}\">\n\t\t\t\t<div class=\"elementor-element elementor-element-3f66598 elementor-widget elementor-widget-heading\" data-id=\"3f66598\" data-element_type=\"widget\" data-e-type=\"widget\" data-widget_type=\"heading.default\">\n\t\t\t\t<div class=\"elementor-widget-container\">\n\t\t\t\t\t<h3 class=\"elementor-heading-title elementor-size-default\">Ans\u00f6k om ett stipendium<\/h3>\t\t\t\t<\/div>\n\t\t\t\t<\/div>\n\t\t\t\t<div class=\"elementor-element elementor-element-5fd11ac elementor-button-align-stretch elementor-widget elementor-widget-form\" data-id=\"5fd11ac\" data-element_type=\"widget\" data-e-type=\"widget\" data-settings=\"{&quot;step_next_label&quot;:&quot;N\\u00e4sta&quot;,&quot;step_previous_label&quot;:&quot;F\\u00f6reg\\u00e5ende&quot;,&quot;button_width&quot;:&quot;100&quot;,&quot;step_type&quot;:&quot;number_text&quot;,&quot;step_icon_shape&quot;:&quot;circle&quot;}\" data-widget_type=\"form.default\">\n\t\t\t\t<div class=\"elementor-widget-container\">\n\t\t\t\t\t\t\t<form class=\"elementor-form\" method=\"post\" name=\"Formul\u00e4r f\u00f6r stipendium\" aria-label=\"Formul\u00e4r f\u00f6r stipendium\">\n\t\t\t<input type=\"hidden\" name=\"post_id\" value=\"759\"\/>\n\t\t\t<input type=\"hidden\" name=\"form_id\" value=\"5fd11ac\"\/>\n\t\t\t<input type=\"hidden\" name=\"referer_title\" value=\"\" \/>\n\n\t\t\t\n\t\t\t<div class=\"elementor-form-fields-wrapper elementor-labels-above\">\n\t\t\t\t\t\t\t\t<div class=\"elementor-field-type-step elementor-field-group elementor-column elementor-field-group-field_bfabdcf elementor-col-100\">\n\t\t\t\t\t\t\t<div class=\"e-field-step elementor-hidden\" data-label=\"Kontakt\" data-previousButton=\"\" data-nextButton=\"\" data-iconUrl=\"\" data-iconLibrary=\"\" data-icon=\"\" ><\/div>\n\n\t\t\t\t\t\t<\/div>\n\t\t\t\t\t\t\t\t<div class=\"elementor-field-type-text elementor-field-group elementor-column elementor-field-group-nimi elementor-col-100 elementor-field-required elementor-mark-required\">\n\t\t\t\t\t\t\t\t\t\t\t\t<label for=\"form-field-nimi\" class=\"elementor-field-label\">\n\t\t\t\t\t\t\t\tNamn\t\t\t\t\t\t\t<\/label>\n\t\t\t\t\t\t\t\t\t\t\t\t\t\t<input size=\"1\" type=\"text\" name=\"form_fields[nimi]\" id=\"form-field-nimi\" class=\"elementor-field elementor-size-sm  elementor-field-textual\" required=\"required\">\n\t\t\t\t\t\t\t\t\t\t\t<\/div>\n\t\t\t\t\t\t\t\t<div class=\"elementor-field-type-text\">\n\t\t\t\t\t<input size=\"1\" type=\"text\" name=\"form_fields[field_b46ae14]\" id=\"form-field-field_b46ae14\" class=\"elementor-field elementor-size-sm \" style=\"display:none !important;\">\t\t\t\t<\/div>\n\t\t\t\t\t\t\t\t<div class=\"elementor-field-type-text elementor-field-group elementor-column elementor-field-group-field_16d7a7d elementor-col-100 elementor-field-required elementor-mark-required\">\n\t\t\t\t\t\t\t\t\t\t\t\t<label for=\"form-field-field_16d7a7d\" class=\"elementor-field-label\">\n\t\t\t\t\t\t\t\tVilken \u00e4r din studieadress?\t\t\t\t\t\t\t<\/label>\n\t\t\t\t\t\t\t\t\t\t\t\t\t\t<input size=\"1\" type=\"text\" name=\"form_fields[field_16d7a7d]\" id=\"form-field-field_16d7a7d\" class=\"elementor-field elementor-size-sm  elementor-field-textual\" required=\"required\">\n\t\t\t\t\t\t\t\t\t\t\t<\/div>\n\t\t\t\t\t\t\t\t<div class=\"elementor-field-type-text elementor-field-group elementor-column elementor-field-group-field_b21eb08 elementor-col-100 elementor-field-required elementor-mark-required\">\n\t\t\t\t\t\t\t\t\t\t\t\t<label for=\"form-field-field_b21eb08\" class=\"elementor-field-label\">\n\t\t\t\t\t\t\t\tHemadress\t\t\t\t\t\t\t<\/label>\n\t\t\t\t\t\t\t\t\t\t\t\t\t\t<input size=\"1\" type=\"text\" name=\"form_fields[field_b21eb08]\" id=\"form-field-field_b21eb08\" class=\"elementor-field elementor-size-sm  elementor-field-textual\" required=\"required\">\n\t\t\t\t\t\t\t\t\t\t\t<\/div>\n\t\t\t\t\t\t\t\t<div class=\"elementor-field-type-email elementor-field-group elementor-column elementor-field-group-email elementor-col-100 elementor-field-required elementor-mark-required\">\n\t\t\t\t\t\t\t\t\t\t\t\t<label for=\"form-field-email\" class=\"elementor-field-label\">\n\t\t\t\t\t\t\t\tE-postadress\t\t\t\t\t\t\t<\/label>\n\t\t\t\t\t\t\t\t\t\t\t\t\t\t<input size=\"1\" type=\"email\" name=\"form_fields[email]\" id=\"form-field-email\" class=\"elementor-field elementor-size-sm  elementor-field-textual\" required=\"required\">\n\t\t\t\t\t\t\t\t\t\t\t<\/div>\n\t\t\t\t\t\t\t\t<div class=\"elementor-field-type-text elementor-field-group elementor-column elementor-field-group-field_e521295 elementor-col-100 elementor-field-required elementor-mark-required\">\n\t\t\t\t\t\t\t\t\t\t\t\t<label for=\"form-field-field_e521295\" class=\"elementor-field-label\">\n\t\t\t\t\t\t\t\tTelefonnummer\t\t\t\t\t\t\t<\/label>\n\t\t\t\t\t\t\t\t\t\t\t\t\t\t<input size=\"1\" type=\"text\" name=\"form_fields[field_e521295]\" id=\"form-field-field_e521295\" class=\"elementor-field elementor-size-sm  elementor-field-textual\" required=\"required\">\n\t\t\t\t\t\t\t\t\t\t\t<\/div>\n\t\t\t\t\t\t\t\t<div class=\"elementor-field-type-text elementor-field-group elementor-column elementor-field-group-field_294774c elementor-col-100\">\n\t\t\t\t\t\t\t\t\t\t\t\t<label for=\"form-field-field_294774c\" class=\"elementor-field-label\">\n\t\t\t\t\t\t\t\tKontonummer\t\t\t\t\t\t\t<\/label>\n\t\t\t\t\t\t\t\t\t\t\t\t\t\t<input size=\"1\" type=\"text\" name=\"form_fields[field_294774c]\" id=\"form-field-field_294774c\" class=\"elementor-field elementor-size-sm  elementor-field-textual\" placeholder=\"(i IBAN-format)\">\n\t\t\t\t\t\t\t\t\t\t\t<\/div>\n\t\t\t\t\t\t\t\t<div class=\"elementor-field-type-text\">\n\t\t\t\t\t<input size=\"1\" type=\"text\" name=\"form_fields[field_1f00e79]\" id=\"form-field-field_1f00e79\" class=\"elementor-field elementor-size-sm \" style=\"display:none !important;\">\t\t\t\t<\/div>\n\t\t\t\t\t\t\t\t<div class=\"elementor-field-type-step elementor-field-group elementor-column elementor-field-group-field_423d88f elementor-col-100\">\n\t\t\t\t\t\t\t<div class=\"e-field-step elementor-hidden\" data-label=\"Ytterligare fr\u00e5gor\" data-previousButton=\"\" data-nextButton=\"\" data-iconUrl=\"\" data-iconLibrary=\"\" data-icon=\"\" ><\/div>\n\n\t\t\t\t\t\t<\/div>\n\t\t\t\t\t\t\t\t<div class=\"elementor-field-type-textarea elementor-field-group elementor-column elementor-field-group-field_cb2ae8e elementor-col-100\">\n\t\t\t\t\t\t\t\t\t\t\t\t<label for=\"form-field-field_cb2ae8e\" class=\"elementor-field-label\">\n\t\t\t\t\t\t\t\tBer\u00e4tta kortfattat om dig sj\u00e4lv\t\t\t\t\t\t\t<\/label>\n\t\t\t\t\t\t<textarea class=\"elementor-field-textual elementor-field  elementor-size-sm\" name=\"form_fields[field_cb2ae8e]\" id=\"form-field-field_cb2ae8e\" rows=\"3\" placeholder=\"(Bakgrund, intressen, styrkor)\"><\/textarea>\t\t\t\t<\/div>\n\t\t\t\t\t\t\t\t<div class=\"elementor-field-type-textarea elementor-field-group elementor-column elementor-field-group-field_43ef7d0 elementor-col-100\">\n\t\t\t\t\t\t\t\t\t\t\t\t<label for=\"form-field-field_43ef7d0\" class=\"elementor-field-label\">\n\t\t\t\t\t\t\t\tBer\u00e4tta f\u00f6r oss om dina studier\t\t\t\t\t\t\t<\/label>\n\t\t\t\t\t\t<textarea class=\"elementor-field-textual elementor-field  elementor-size-sm\" name=\"form_fields[field_43ef7d0]\" id=\"form-field-field_43ef7d0\" rows=\"3\" placeholder=\"(omr\u00e5de, institution, stadium av studierna och m\u00e5l)\"><\/textarea>\t\t\t\t<\/div>\n\t\t\t\t\t\t\t\t<div class=\"elementor-field-type-textarea elementor-field-group elementor-column elementor-field-group-field_3ec16b6 elementor-col-100\">\n\t\t\t\t\t\t\t\t\t\t\t\t<label for=\"form-field-field_3ec16b6\" class=\"elementor-field-label\">\n\t\t\t\t\t\t\t\tHur skulle ett stipendium underl\u00e4tta din vardag och st\u00f6dja dina studier?\t\t\t\t\t\t\t<\/label>\n\t\t\t\t\t\t<textarea class=\"elementor-field-textual elementor-field  elementor-size-sm\" name=\"form_fields[field_3ec16b6]\" id=\"form-field-field_3ec16b6\" rows=\"3\"><\/textarea>\t\t\t\t<\/div>\n\t\t\t\t\t\t\t\t<div class=\"elementor-field-type-text\">\n\t\t\t\t\t<input size=\"1\" type=\"text\" name=\"form_fields[field_6172807]\" id=\"form-field-field_6172807\" class=\"elementor-field elementor-size-sm \" style=\"display:none !important;\">\t\t\t\t<\/div>\n\t\t\t\t\t\t\t\t<div class=\"elementor-field-type-textarea elementor-field-group elementor-column elementor-field-group-field_e5a98d3 elementor-col-100\">\n\t\t\t\t\t\t\t\t\t\t\t\t<label for=\"form-field-field_e5a98d3\" class=\"elementor-field-label\">\n\t\t\t\t\t\t\t\tVad \u00e4r din koppling till fd kommunen Dragsfj\u00e4rd?\t\t\t\t\t\t\t<\/label>\n\t\t\t\t\t\t<textarea class=\"elementor-field-textual elementor-field  elementor-size-sm\" name=\"form_fields[field_e5a98d3]\" id=\"form-field-field_e5a98d3\" rows=\"3\"><\/textarea>\t\t\t\t<\/div>\n\t\t\t\t\t\t\t\t<div class=\"elementor-field-type-textarea elementor-field-group elementor-column elementor-field-group-field_7d19114 elementor-col-100\">\n\t\t\t\t\t\t\t\t\t\t\t\t<label for=\"form-field-field_7d19114\" class=\"elementor-field-label\">\n\t\t\t\t\t\t\t\tDina planer f\u00f6r framtiden\t\t\t\t\t\t\t<\/label>\n\t\t\t\t\t\t<textarea class=\"elementor-field-textual elementor-field  elementor-size-sm\" name=\"form_fields[field_7d19114]\" id=\"form-field-field_7d19114\" rows=\"3\"><\/textarea>\t\t\t\t<\/div>\n\t\t\t\t\t\t\t\t<div class=\"elementor-field-type-upload elementor-field-group elementor-column elementor-field-group-field_724a69c elementor-col-100\">\n\t\t\t\t\t\t\t\t\t\t\t\t<label for=\"form-field-field_724a69c\" class=\"elementor-field-label\">\n\t\t\t\t\t\t\t\tIntyg fr\u00e5n din studieplats\t\t\t\t\t\t\t<\/label>\n\t\t\t\t\t\t\t\t<input type=\"file\" name=\"form_fields[field_724a69c][]\" id=\"form-field-field_724a69c\" class=\"elementor-field elementor-size-sm  elementor-upload-field\" multiple=\"multiple\">\n\n\t\t\t\t\t\t<\/div>\n\t\t\t\t\t\t\t\t<div class=\"elementor-field-type-upload elementor-field-group elementor-column elementor-field-group-field_2372e65 elementor-col-100\">\n\t\t\t\t\t\t\t\t\t\t\t\t<label for=\"form-field-field_2372e65\" class=\"elementor-field-label\">\n\t\t\t\t\t\t\t\tSkolbetyg\t\t\t\t\t\t\t<\/label>\n\t\t\t\t\t\t\t\t<input type=\"file\" name=\"form_fields[field_2372e65][]\" id=\"form-field-field_2372e65\" class=\"elementor-field elementor-size-sm  elementor-upload-field\" multiple=\"multiple\">\n\n\t\t\t\t\t\t<\/div>\n\t\t\t\t\t\t\t\t<div class=\"elementor-field-type-text elementor-field-group elementor-column elementor-field-group-replyto elementor-col-100\">\n\t\t\t\t\t\t\t\t\t\t\t\t<label for=\"form-field-replyto\" class=\"elementor-field-label\">\n\t\t\t\t\t\t\t\tReplty-to\t\t\t\t\t\t\t<\/label>\n\t\t\t\t\t\t\t\t\t\t\t\t\t\t<input size=\"1\" type=\"text\" name=\"form_fields[replyto]\" id=\"form-field-replyto\" class=\"elementor-field elementor-size-sm  elementor-field-textual\">\n\t\t\t\t\t\t\t\t\t\t\t<\/div>\n\t\t\t\t\t\t\t\t<div class=\"elementor-field-type-acceptance elementor-field-group elementor-column elementor-field-group-field_30ba70d elementor-col-100 elementor-field-required elementor-mark-required\">\n\t\t\t\t\t\t\t<div class=\"elementor-field-subgroup\">\n\t\t\t<span class=\"elementor-field-option\">\n\t\t\t\t<input type=\"checkbox\" name=\"form_fields[field_30ba70d]\" id=\"form-field-field_30ba70d\" class=\"elementor-field elementor-size-sm  elementor-acceptance-field\" required=\"required\">\n\t\t\t\t<label for=\"form-field-field_30ba70d\">Jag samtycker till behandling av mina personuppgifter\n<br><em><a href=\"https:\/\/gullstrom.sivustamo.dev\/sv\/dataskyddsdeklaration-eu\/\">F\u00f6r mer information om behandling av personuppgifter, v\u00e4nligen se Integritetspolicyn<\/a><\/em><\/label>\t\t\t<\/span>\n\t\t<\/div>\n\t\t\t\t\t\t<\/div>\n\t\t\t\t\t\t\t\t<div class=\"elementor-field-type-recaptcha_v3 elementor-field-group elementor-column elementor-field-group-field_958cd47 elementor-col-100 recaptcha_v3-inline\">\n\t\t\t\t\t<div class=\"elementor-field\" id=\"form-field-field_958cd47\"><div class=\"elementor-g-recaptcha\" data-sitekey=\"6LdX97YsAAAAADgKiw3_va5XHAWvBgPgMkWASL2x\" data-type=\"v3\" data-action=\"Form\" data-badge=\"inline\" data-size=\"invisible\"><\/div><\/div>\t\t\t\t<\/div>\n\t\t\t\t\t\t\t\t<div class=\"elementor-field-group elementor-column elementor-field-type-submit elementor-col-100 e-form__buttons\">\n\t\t\t\t\t<button class=\"elementor-button elementor-size-sm elementor-animation-float\" type=\"submit\">\n\t\t\t\t\t\t<span class=\"elementor-button-content-wrapper\">\n\t\t\t\t\t\t\t\t\t\t\t\t\t\t\t<span class=\"elementor-button-icon\">\n\t\t\t\t\t\t\t\t\t<svg xmlns=\"http:\/\/www.w3.org\/2000\/svg\" id=\"Layer_1\" viewBox=\"0 0 144.8 144.8\"><path d=\"M72.4,0c40,0,72.4,32.4,72.4,72.4s-32.4,72.4-72.4,72.4S0,112.3,0,72.4C0,32.4,32.4,0,72.4,0ZM72.4,11.1c-33.8,0-61.2,27.4-61.2,61.2s27.4,61.2,61.2,61.2,61.2-27.4,61.2-61.2S106.2,11.1,72.4,11.1ZM75.2,42.6c2.2-2.2,5.7-2.2,7.9,0l25.8,25.8c.1.1.3.3.4.4,0,0,0,0,0,0,0,0,0,.1.1.2,0,0,0,0,0,0,0,0,0,0,0,.1,0,0,0,0,0,0,0,0,0,0,0,.1,0,0,0,0,0,0,.5.8.8,1.8.8,2.8,0,1.6-.7,3-1.8,4.1l-25.7,25.7c-2.2,2.2-5.7,2.2-7.9,0-2.2-2.2-2.2-5.7,0-7.9l16.3-16.3h-51.8c-3.1,0-5.6-2.5-5.6-5.6s2.5-5.6,5.6-5.6h51.8l-16.3-16.3c-2.2-2.2-2.2-5.7,0-7.9Z\"><\/path><\/svg>\t\t\t\t\t\t\t\t\t\t\t\t\t\t\t\t\t<\/span>\n\t\t\t\t\t\t\t\t\t\t\t\t\t\t\t\t\t\t\t\t\t\t<span class=\"elementor-button-text\">Skicka till<\/span>\n\t\t\t\t\t\t\t\t\t\t\t\t\t<\/span>\n\t\t\t\t\t<\/button>\n\t\t\t\t<\/div>\n\t\t\t<\/div>\n\t\t<\/form>\n\t\t\t\t\t\t<\/div>\n\t\t\t\t<\/div>\n\t\t\t\t<\/div>\n\t\t\t\t\t<\/div>\n\t\t\t\t<\/div>\n\t\t\t\t<\/div>\n\t\t","protected":false},"excerpt":{"rendered":"<p>Kriterier f\u00f6r utdelning av bidrag Syskonen Gullstr\u00f6ms stiftelse delar ut stipendier till studenter med anknytning till Dragsfj\u00e4rd. Syftet med stiftelsen \u00e4r att st\u00f6dja ungdomar p\u00e5 deras utbildningsv\u00e4g och uppmuntra till l\u00e5ngsiktigt l\u00e4rande. Stipendierna riktas i f\u00f6rsta hand till: F\u00f6r heltidsstuderande vid gymnasier-, yrkes- eller h\u00f6gskola. S\u00f6kande med anknytning till omr\u00e5det &#8211; till exempel familjebakgrund, bostadsort [&hellip;]<\/p>\n","protected":false},"author":1,"featured_media":0,"parent":0,"menu_order":0,"comment_status":"closed","ping_status":"closed","template":"","meta":{"footnotes":""},"class_list":["post-759","page","type-page","status-publish","hentry"],"_links":{"self":[{"href":"https:\/\/gullstrom.sivustamo.dev\/sv\/wp-json\/wp\/v2\/pages\/759","targetHints":{"allow":["GET"]}}],"collection":[{"href":"https:\/\/gullstrom.sivustamo.dev\/sv\/wp-json\/wp\/v2\/pages"}],"about":[{"href":"https:\/\/gullstrom.sivustamo.dev\/sv\/wp-json\/wp\/v2\/types\/page"}],"author":[{"embeddable":true,"href":"https:\/\/gullstrom.sivustamo.dev\/sv\/wp-json\/wp\/v2\/users\/1"}],"replies":[{"embeddable":true,"href":"https:\/\/gullstrom.sivustamo.dev\/sv\/wp-json\/wp\/v2\/comments?post=759"}],"version-history":[{"count":7,"href":"https:\/\/gullstrom.sivustamo.dev\/sv\/wp-json\/wp\/v2\/pages\/759\/revisions"}],"predecessor-version":[{"id":928,"href":"https:\/\/gullstrom.sivustamo.dev\/sv\/wp-json\/wp\/v2\/pages\/759\/revisions\/928"}],"wp:attachment":[{"href":"https:\/\/gullstrom.sivustamo.dev\/sv\/wp-json\/wp\/v2\/media?parent=759"}],"curies":[{"name":"wp","href":"https:\/\/api.w.org\/{rel}","templated":true}]}}