{"id":761,"date":"2022-02-01T06:58:23","date_gmt":"2022-02-01T04:58:23","guid":{"rendered":"https:\/\/gullstrom.sivustamo.dev\/startsida\/"},"modified":"2026-04-14T14:24:22","modified_gmt":"2026-04-14T11:24:22","slug":"startsida","status":"publish","type":"page","link":"https:\/\/gullstrom.sivustamo.dev\/sv\/","title":{"rendered":"Framsida"},"content":{"rendered":"\t\t<div data-elementor-type=\"wp-page\" data-elementor-id=\"761\" class=\"elementor elementor-761 elementor-2\" data-elementor-post-type=\"page\">\n\t\t\t\t<div class=\"elementor-element elementor-element-3c7efef e-con-full e-flex e-con e-parent\" data-id=\"3c7efef\" data-element_type=\"container\" data-e-type=\"container\" data-settings=\"{&quot;jet_parallax_layout_list&quot;:[]}\">\n\t\t<div class=\"elementor-element elementor-element-21b207c e-con-full e-flex e-con e-child\" data-id=\"21b207c\" data-element_type=\"container\" data-e-type=\"container\" data-settings=\"{&quot;jet_parallax_layout_list&quot;:[]}\">\n\t\t<div class=\"elementor-element elementor-element-541101d e-con-full box-shadow e-flex e-con e-child\" data-id=\"541101d\" data-element_type=\"container\" data-e-type=\"container\" data-settings=\"{&quot;jet_parallax_layout_list&quot;:[],&quot;background_background&quot;:&quot;classic&quot;}\">\n\t\t<div class=\"elementor-element elementor-element-bf467fa e-con-full e-flex e-con e-child\" data-id=\"bf467fa\" data-element_type=\"container\" data-e-type=\"container\" data-settings=\"{&quot;jet_parallax_layout_list&quot;:[]}\">\n\t\t\t\t<div class=\"elementor-element elementor-element-79b6b07 elementor-widget elementor-widget-heading\" data-id=\"79b6b07\" data-element_type=\"widget\" data-e-type=\"widget\" data-widget_type=\"heading.default\">\n\t\t\t\t<div class=\"elementor-widget-container\">\n\t\t\t\t\t<h1 class=\"elementor-heading-title elementor-size-default\">St\u00f6d f\u00f6r studierna<\/h1>\t\t\t\t<\/div>\n\t\t\t\t<\/div>\n\t\t\t\t<div class=\"elementor-element elementor-element-6c0fbde elementor-widget elementor-widget-heading\" data-id=\"6c0fbde\" data-element_type=\"widget\" data-e-type=\"widget\" data-widget_type=\"heading.default\">\n\t\t\t\t<div class=\"elementor-widget-container\">\n\t\t\t\t\t<h4 class=\"elementor-heading-title elementor-size-default\">- r\u00f6tter i hembygden<\/h4>\t\t\t\t<\/div>\n\t\t\t\t<\/div>\n\t\t\t\t<\/div>\n\t\t\t\t<div class=\"elementor-element elementor-element-497f774 elementor-widget elementor-widget-text-editor\" data-id=\"497f774\" data-element_type=\"widget\" data-e-type=\"widget\" data-widget_type=\"text-editor.default\">\n\t\t\t\t<div class=\"elementor-widget-container\">\n\t\t\t\t\t\t\t\t\t<p>Syskonen Gullstr\u00f6ms stiftelse st\u00f6der lokala ungdomar i deras utbildning. Stiftelsens uppgift \u00e4r att fr\u00e4mja ungdomars utbildning och ge ekonomiskt st\u00f6d till dem som vill g\u00e5 vidare i sina studier &#8211; s\u00e4rskilt de som har anknytning till Dragsfj\u00e4rds kommun i Kimito med omnejd.<\/p>\t\t\t\t\t\t\t\t<\/div>\n\t\t\t\t<\/div>\n\t\t<div class=\"elementor-element elementor-element-9ca3b2a e-con-full e-flex e-con e-child\" data-id=\"9ca3b2a\" data-element_type=\"container\" data-e-type=\"container\" data-settings=\"{&quot;jet_parallax_layout_list&quot;:[]}\">\n\t\t\t\t<div class=\"elementor-element elementor-element-9f501e4 elementor-widget elementor-widget-button\" data-id=\"9f501e4\" data-element_type=\"widget\" data-e-type=\"widget\" data-widget_type=\"button.default\">\n\t\t\t\t<div class=\"elementor-widget-container\">\n\t\t\t\t\t\t\t\t\t<div class=\"elementor-button-wrapper\">\n\t\t\t\t\t<a class=\"elementor-button elementor-button-link elementor-size-sm elementor-animation-float\" href=\"https:\/\/gullstrom.sivustamo.dev\/sv\/stipendium\/\">\n\t\t\t\t\t\t<span class=\"elementor-button-content-wrapper\">\n\t\t\t\t\t\t<span class=\"elementor-button-icon\">\n\t\t\t\t<svg xmlns=\"http:\/\/www.w3.org\/2000\/svg\" id=\"Layer_1\" viewBox=\"0 0 21.5 18.5\"><path d=\"M11.6,1.6c2.2-2.1,5.8-2.1,8.1,0,0,0,0,0,0,0,2.4,2.4,2.4,6.2,0,8.6l-8.4,8c-.3.3-.7.3-1,0L1.9,10.3C-.6,7.9-.6,4,1.9,1.6h0C4.1-.5,7.7-.5,9.9,1.6l.8.8.8-.8h0ZM18.5,2.6c-1.7-1.5-4.3-1.5-5.9,0l-1.3,1.3c-.3.3-.7.3-1,0l-1.3-1.3c-1.6-1.5-4.2-1.6-5.8-.1h-.2c-1.9,1.9-1.9,4.9,0,6.7l7.8,7.5,7.8-7.5c1.9-1.8,1.9-4.7,0-6.5,0,0,0,0,0,0Z\"><\/path><\/svg>\t\t\t<\/span>\n\t\t\t\t\t\t\t\t\t<span class=\"elementor-button-text\">Ans\u00f6k om ett stipendium<\/span>\n\t\t\t\t\t<\/span>\n\t\t\t\t\t<\/a>\n\t\t\t\t<\/div>\n\t\t\t\t\t\t\t\t<\/div>\n\t\t\t\t<\/div>\n\t\t\t\t<div class=\"elementor-element elementor-element-2ba0cd5 elementor-widget elementor-widget-button\" data-id=\"2ba0cd5\" data-element_type=\"widget\" data-e-type=\"widget\" data-widget_type=\"button.default\">\n\t\t\t\t<div class=\"elementor-widget-container\">\n\t\t\t\t\t\t\t\t\t<div class=\"elementor-button-wrapper\">\n\t\t\t\t\t<a class=\"elementor-button elementor-button-link elementor-size-sm elementor-animation-float\" href=\"https:\/\/gullstrom.sivustamo.dev\/sv\/kontakt\/\">\n\t\t\t\t\t\t<span class=\"elementor-button-content-wrapper\">\n\t\t\t\t\t\t<span class=\"elementor-button-icon\">\n\t\t\t\t<svg xmlns=\"http:\/\/www.w3.org\/2000\/svg\" id=\"Layer_1\" viewBox=\"0 0 144.8 144.8\"><path d=\"M72.4,0c40,0,72.4,32.4,72.4,72.4s-32.4,72.4-72.4,72.4S0,112.3,0,72.4C0,32.4,32.4,0,72.4,0ZM72.4,11.1c-33.8,0-61.2,27.4-61.2,61.2s27.4,61.2,61.2,61.2,61.2-27.4,61.2-61.2S106.2,11.1,72.4,11.1ZM75.2,42.6c2.2-2.2,5.7-2.2,7.9,0l25.8,25.8c.1.1.3.3.4.4,0,0,0,0,0,0,0,0,0,.1.1.2,0,0,0,0,0,0,0,0,0,0,0,.1,0,0,0,0,0,0,0,0,0,0,0,.1,0,0,0,0,0,0,.5.8.8,1.8.8,2.8,0,1.6-.7,3-1.8,4.1l-25.7,25.7c-2.2,2.2-5.7,2.2-7.9,0-2.2-2.2-2.2-5.7,0-7.9l16.3-16.3h-51.8c-3.1,0-5.6-2.5-5.6-5.6s2.5-5.6,5.6-5.6h51.8l-16.3-16.3c-2.2-2.2-2.2-5.7,0-7.9Z\"><\/path><\/svg>\t\t\t<\/span>\n\t\t\t\t\t\t\t\t\t<span class=\"elementor-button-text\">Kontakta oss<\/span>\n\t\t\t\t\t<\/span>\n\t\t\t\t\t<\/a>\n\t\t\t\t<\/div>\n\t\t\t\t\t\t\t\t<\/div>\n\t\t\t\t<\/div>\n\t\t\t\t<\/div>\n\t\t\t\t<\/div>\n\t\t<div class=\"elementor-element elementor-element-248d205 e-con-full e-flex e-con e-child\" data-id=\"248d205\" data-element_type=\"container\" data-e-type=\"container\" data-settings=\"{&quot;jet_parallax_layout_list&quot;:[],&quot;background_background&quot;:&quot;classic&quot;}\">\n\t\t\t\t<div class=\"elementor-element elementor-element-21f4291 elementor-widget elementor-widget-image\" data-id=\"21f4291\" data-element_type=\"widget\" data-e-type=\"widget\" data-widget_type=\"image.default\">\n\t\t\t\t<div class=\"elementor-widget-container\">\n\t\t\t\t\t\t\t\t\t\t\t\t\t\t\t<img fetchpriority=\"high\" decoding=\"async\" width=\"1770\" height=\"1257\" src=\"https:\/\/gullstrom.sivustamo.dev\/wp-content\/uploads\/2025\/12\/1.jpg\" class=\"attachment-full size-full wp-image-763\" alt=\"\" srcset=\"https:\/\/gullstrom.sivustamo.dev\/wp-content\/uploads\/2025\/12\/1.jpg 1770w, https:\/\/gullstrom.sivustamo.dev\/wp-content\/uploads\/2025\/12\/1-300x213.jpg 300w, https:\/\/gullstrom.sivustamo.dev\/wp-content\/uploads\/2025\/12\/1-1024x727.jpg 1024w, https:\/\/gullstrom.sivustamo.dev\/wp-content\/uploads\/2025\/12\/1-768x545.jpg 768w, https:\/\/gullstrom.sivustamo.dev\/wp-content\/uploads\/2025\/12\/1-1536x1091.jpg 1536w\" sizes=\"(max-width: 1770px) 100vw, 1770px\" \/>\t\t\t\t\t\t\t\t\t\t\t\t\t\t\t<\/div>\n\t\t\t\t<\/div>\n\t\t\t\t<\/div>\n\t\t\t\t<\/div>\n\t\t\t\t<\/div>\n\t\t<div class=\"elementor-element elementor-element-d13f4a1 osiomargin e-con-full e-flex e-con e-parent\" data-id=\"d13f4a1\" data-element_type=\"container\" data-e-type=\"container\" data-settings=\"{&quot;jet_parallax_layout_list&quot;:[]}\">\n\t\t<div class=\"elementor-element elementor-element-925fc5e e-con-full e-flex e-con e-child\" data-id=\"925fc5e\" data-element_type=\"container\" data-e-type=\"container\" data-settings=\"{&quot;jet_parallax_layout_list&quot;:[],&quot;background_background&quot;:&quot;classic&quot;}\">\n\t\t\t\t<div class=\"elementor-element elementor-element-ed15bec elementor-widget elementor-widget-image\" data-id=\"ed15bec\" data-element_type=\"widget\" data-e-type=\"widget\" data-widget_type=\"image.default\">\n\t\t\t\t<div class=\"elementor-widget-container\">\n\t\t\t\t\t\t\t\t\t\t\t\t\t\t\t<img decoding=\"async\" width=\"1920\" height=\"1080\" src=\"https:\/\/gullstrom.sivustamo.dev\/wp-content\/uploads\/2026\/04\/hero.jpg\" class=\"attachment-full size-full wp-image-798\" alt=\"\" srcset=\"https:\/\/gullstrom.sivustamo.dev\/wp-content\/uploads\/2026\/04\/hero.jpg 1920w, https:\/\/gullstrom.sivustamo.dev\/wp-content\/uploads\/2026\/04\/hero-300x169.jpg 300w, https:\/\/gullstrom.sivustamo.dev\/wp-content\/uploads\/2026\/04\/hero-1024x576.jpg 1024w, https:\/\/gullstrom.sivustamo.dev\/wp-content\/uploads\/2026\/04\/hero-768x432.jpg 768w, https:\/\/gullstrom.sivustamo.dev\/wp-content\/uploads\/2026\/04\/hero-1536x864.jpg 1536w\" sizes=\"(max-width: 1920px) 100vw, 1920px\" \/>\t\t\t\t\t\t\t\t\t\t\t\t\t\t\t<\/div>\n\t\t\t\t<\/div>\n\t\t\t\t<\/div>\n\t\t<div class=\"elementor-element elementor-element-05efd97 e-con-full box-shadow e-flex e-con e-child\" data-id=\"05efd97\" data-element_type=\"container\" data-e-type=\"container\" data-settings=\"{&quot;jet_parallax_layout_list&quot;:[],&quot;background_background&quot;:&quot;classic&quot;}\">\n\t\t<div class=\"elementor-element elementor-element-5719b80 e-con-full e-flex e-con e-child\" data-id=\"5719b80\" data-element_type=\"container\" data-e-type=\"container\" data-settings=\"{&quot;jet_parallax_layout_list&quot;:[]}\">\n\t\t\t\t<div class=\"elementor-element elementor-element-bf99f67 elementor-widget elementor-widget-heading\" data-id=\"bf99f67\" data-element_type=\"widget\" data-e-type=\"widget\" data-widget_type=\"heading.default\">\n\t\t\t\t<div class=\"elementor-widget-container\">\n\t\t\t\t\t<h5 class=\"elementor-heading-title elementor-size-default\">Stipendier f\u00f6r unga m\u00e4nniskor sedan 2006<\/h5>\t\t\t\t<\/div>\n\t\t\t\t<\/div>\n\t\t\t\t<div class=\"elementor-element elementor-element-d1fa4b0 elementor-widget elementor-widget-heading\" data-id=\"d1fa4b0\" data-element_type=\"widget\" data-e-type=\"widget\" data-widget_type=\"heading.default\">\n\t\t\t\t<div class=\"elementor-widget-container\">\n\t\t\t\t\t<h2 class=\"elementor-heading-title elementor-size-default\">Stipendier f\u00f6r att st\u00f6dja ungdomar<\/h2>\t\t\t\t<\/div>\n\t\t\t\t<\/div>\n\t\t\t\t<\/div>\n\t\t\t\t<div class=\"elementor-element elementor-element-f499ab3 elementor-widget elementor-widget-text-editor\" data-id=\"f499ab3\" data-element_type=\"widget\" data-e-type=\"widget\" data-widget_type=\"text-editor.default\">\n\t\t\t\t<div class=\"elementor-widget-container\">\n\t\t\t\t\t\t\t\t\t<p>K\u00e4rnan i stiftelsens verksamhet \u00e4r att <strong>dela ut stipendier<\/strong> p\u00e5 grundval av ans\u00f6kningar. Genom att st\u00f6dja utbildning vill stiftelsen uppmuntra unga m\u00e4nniskor att skaffa sig en bra och bred utbildning som inte bara st\u00e4rker deras framtid utan ocks\u00e5 lokala livskraften.<\/p><p>Syskonen Gullstr\u00f6ms Stiftelses arbete bygger p\u00e5 <strong>h\u00e5llbar utveckling och k\u00e4rlek till hembygden<\/strong>. M\u00e5let \u00e4r att stiftelsens st\u00f6d skall gynna ungdomarna i omr\u00e5det och genom dem hela samh\u00e4llet.<\/p>\t\t\t\t\t\t\t\t<\/div>\n\t\t\t\t<\/div>\n\t\t<div class=\"elementor-element elementor-element-76af147 e-con-full e-flex e-con e-child\" data-id=\"76af147\" data-element_type=\"container\" data-e-type=\"container\" data-settings=\"{&quot;jet_parallax_layout_list&quot;:[]}\">\n\t\t\t\t<div class=\"elementor-element elementor-element-014c830 elementor-widget elementor-widget-button\" data-id=\"014c830\" data-element_type=\"widget\" data-e-type=\"widget\" data-widget_type=\"button.default\">\n\t\t\t\t<div class=\"elementor-widget-container\">\n\t\t\t\t\t\t\t\t\t<div class=\"elementor-button-wrapper\">\n\t\t\t\t\t<a class=\"elementor-button elementor-button-link elementor-size-sm elementor-animation-float\" href=\"https:\/\/gullstrom.sivustamo.dev\/sv\/stipendium\/\">\n\t\t\t\t\t\t<span class=\"elementor-button-content-wrapper\">\n\t\t\t\t\t\t<span class=\"elementor-button-icon\">\n\t\t\t\t<svg xmlns=\"http:\/\/www.w3.org\/2000\/svg\" id=\"Layer_1\" viewBox=\"0 0 21.5 18.5\"><path d=\"M11.6,1.6c2.2-2.1,5.8-2.1,8.1,0,0,0,0,0,0,0,2.4,2.4,2.4,6.2,0,8.6l-8.4,8c-.3.3-.7.3-1,0L1.9,10.3C-.6,7.9-.6,4,1.9,1.6h0C4.1-.5,7.7-.5,9.9,1.6l.8.8.8-.8h0ZM18.5,2.6c-1.7-1.5-4.3-1.5-5.9,0l-1.3,1.3c-.3.3-.7.3-1,0l-1.3-1.3c-1.6-1.5-4.2-1.6-5.8-.1h-.2c-1.9,1.9-1.9,4.9,0,6.7l7.8,7.5,7.8-7.5c1.9-1.8,1.9-4.7,0-6.5,0,0,0,0,0,0Z\"><\/path><\/svg>\t\t\t<\/span>\n\t\t\t\t\t\t\t\t\t<span class=\"elementor-button-text\">Ans\u00f6k om ett stipendium<\/span>\n\t\t\t\t\t<\/span>\n\t\t\t\t\t<\/a>\n\t\t\t\t<\/div>\n\t\t\t\t\t\t\t\t<\/div>\n\t\t\t\t<\/div>\n\t\t\t\t<\/div>\n\t\t\t\t<\/div>\n\t\t\t\t<\/div>\n\t\t\t\t<\/div>\n\t\t","protected":false},"excerpt":{"rendered":"<p>St\u00f6d f\u00f6r studierna &#8211; r\u00f6tter i hembygden Syskonen Gullstr\u00f6ms stiftelse st\u00f6der lokala ungdomar i deras utbildning. Stiftelsens uppgift \u00e4r att fr\u00e4mja ungdomars utbildning och ge ekonomiskt st\u00f6d till dem som vill g\u00e5 vidare i sina studier &#8211; s\u00e4rskilt de som har anknytning till Dragsfj\u00e4rds kommun i Kimito med omnejd. Ans\u00f6k om ett stipendium Kontakta oss [&hellip;]<\/p>\n","protected":false},"author":1,"featured_media":762,"parent":0,"menu_order":0,"comment_status":"closed","ping_status":"open","template":"","meta":{"footnotes":""},"class_list":["post-761","page","type-page","status-publish","has-post-thumbnail","hentry"],"_links":{"self":[{"href":"https:\/\/gullstrom.sivustamo.dev\/sv\/wp-json\/wp\/v2\/pages\/761","targetHints":{"allow":["GET"]}}],"collection":[{"href":"https:\/\/gullstrom.sivustamo.dev\/sv\/wp-json\/wp\/v2\/pages"}],"about":[{"href":"https:\/\/gullstrom.sivustamo.dev\/sv\/wp-json\/wp\/v2\/types\/page"}],"author":[{"embeddable":true,"href":"https:\/\/gullstrom.sivustamo.dev\/sv\/wp-json\/wp\/v2\/users\/1"}],"replies":[{"embeddable":true,"href":"https:\/\/gullstrom.sivustamo.dev\/sv\/wp-json\/wp\/v2\/comments?post=761"}],"version-history":[{"count":23,"href":"https:\/\/gullstrom.sivustamo.dev\/sv\/wp-json\/wp\/v2\/pages\/761\/revisions"}],"predecessor-version":[{"id":906,"href":"https:\/\/gullstrom.sivustamo.dev\/sv\/wp-json\/wp\/v2\/pages\/761\/revisions\/906"}],"wp:featuredmedia":[{"embeddable":true,"href":"https:\/\/gullstrom.sivustamo.dev\/sv\/wp-json\/wp\/v2\/media\/762"}],"wp:attachment":[{"href":"https:\/\/gullstrom.sivustamo.dev\/sv\/wp-json\/wp\/v2\/media?parent=761"}],"curies":[{"name":"wp","href":"https:\/\/api.w.org\/{rel}","templated":true}]}}