{"id":769,"date":"2025-12-08T13:30:12","date_gmt":"2025-12-08T11:30:12","guid":{"rendered":"https:\/\/gullstrom.sivustamo.dev\/historia\/"},"modified":"2026-04-14T14:52:22","modified_gmt":"2026-04-14T11:52:22","slug":"historia","status":"publish","type":"page","link":"https:\/\/gullstrom.sivustamo.dev\/sv\/historia\/","title":{"rendered":"Historia"},"content":{"rendered":"\t\t<div data-elementor-type=\"wp-page\" data-elementor-id=\"769\" class=\"elementor elementor-769 elementor-539\" data-elementor-post-type=\"page\">\n\t\t\t\t<div class=\"elementor-element elementor-element-e9610b8 e-con-full e-flex e-con e-parent\" data-id=\"e9610b8\" data-element_type=\"container\" data-e-type=\"container\" data-settings=\"{&quot;jet_parallax_layout_list&quot;:[]}\">\n\t\t\t\t<div class=\"elementor-element elementor-element-b226620 elementor-widget elementor-widget-template\" data-id=\"b226620\" data-element_type=\"widget\" data-e-type=\"widget\" data-widget_type=\"template.default\">\n\t\t\t\t<div class=\"elementor-widget-container\">\n\t\t\t\t\t\t\t<div class=\"elementor-template\">\n\t\t\t\t\t<div data-elementor-type=\"container\" data-elementor-id=\"582\" class=\"elementor elementor-582\" data-elementor-post-type=\"elementor_library\">\n\t\t\t\t<div class=\"elementor-element elementor-element-6772172a e-con-full e-flex e-con e-parent\" data-id=\"6772172a\" data-element_type=\"container\" data-e-type=\"container\" data-settings=\"{&quot;jet_parallax_layout_list&quot;:[]}\">\n\t\t<div class=\"elementor-element elementor-element-17abb3b9 e-con-full e-flex e-con e-child\" data-id=\"17abb3b9\" data-element_type=\"container\" data-e-type=\"container\" data-settings=\"{&quot;jet_parallax_layout_list&quot;:[]}\">\n\t\t<div class=\"elementor-element elementor-element-57275c9c e-con-full box-shadow e-flex e-con e-child\" data-id=\"57275c9c\" data-element_type=\"container\" data-e-type=\"container\" data-settings=\"{&quot;jet_parallax_layout_list&quot;:[],&quot;background_background&quot;:&quot;classic&quot;}\">\n\t\t<div class=\"elementor-element elementor-element-71045994 e-con-full e-flex e-con e-child\" data-id=\"71045994\" data-element_type=\"container\" data-e-type=\"container\" data-settings=\"{&quot;jet_parallax_layout_list&quot;:[]}\">\n\t\t\t\t<\/div>\n\t\t\t\t<\/div>\n\t\t<div class=\"elementor-element elementor-element-45c1d3ee e-con-full e-flex e-con e-child\" data-id=\"45c1d3ee\" data-element_type=\"container\" data-e-type=\"container\" data-settings=\"{&quot;jet_parallax_layout_list&quot;:[],&quot;background_background&quot;:&quot;classic&quot;}\">\n\t\t\t\t<div class=\"elementor-element elementor-element-79197940 elementor-widget elementor-widget-image\" data-id=\"79197940\" data-element_type=\"widget\" data-e-type=\"widget\" data-widget_type=\"image.default\">\n\t\t\t\t<div class=\"elementor-widget-container\">\n\t\t\t\t\t\t\t\t\t\t\t\t\t\t\t<img fetchpriority=\"high\" decoding=\"async\" width=\"1770\" height=\"1257\" src=\"https:\/\/gullstrom.sivustamo.dev\/wp-content\/uploads\/2025\/12\/1.jpg\" class=\"attachment-full size-full wp-image-443\" alt=\"\" srcset=\"https:\/\/gullstrom.sivustamo.dev\/wp-content\/uploads\/2025\/12\/1.jpg 1770w, https:\/\/gullstrom.sivustamo.dev\/wp-content\/uploads\/2025\/12\/1-300x213.jpg 300w, https:\/\/gullstrom.sivustamo.dev\/wp-content\/uploads\/2025\/12\/1-1024x727.jpg 1024w, https:\/\/gullstrom.sivustamo.dev\/wp-content\/uploads\/2025\/12\/1-768x545.jpg 768w, https:\/\/gullstrom.sivustamo.dev\/wp-content\/uploads\/2025\/12\/1-1536x1091.jpg 1536w\" sizes=\"(max-width: 1770px) 100vw, 1770px\" \/>\t\t\t\t\t\t\t\t\t\t\t\t\t\t\t<\/div>\n\t\t\t\t<\/div>\n\t\t\t\t<\/div>\n\t\t\t\t<\/div>\n\t\t\t\t<\/div>\n\t\t\t\t<\/div>\n\t\t\t\t<\/div>\n\t\t\t\t\t\t<\/div>\n\t\t\t\t<\/div>\n\t\t\t\t<\/div>\n\t\t<div class=\"elementor-element elementor-element-f7c8eb0 osiomargin e-flex e-con-boxed e-con e-parent\" data-id=\"f7c8eb0\" data-element_type=\"container\" data-e-type=\"container\" data-settings=\"{&quot;jet_parallax_layout_list&quot;:[]}\">\n\t\t\t\t\t<div class=\"e-con-inner\">\n\t\t\t\t<div class=\"elementor-element elementor-element-8677e75 elementor-widget elementor-widget-text-editor\" data-id=\"8677e75\" data-element_type=\"widget\" data-e-type=\"widget\" data-widget_type=\"text-editor.default\">\n\t\t\t\t<div class=\"elementor-widget-container\">\n\t\t\t\t\t\t\t\t\t<p>Stusn\u00e4sg\u00e5rd, som ligger i f.d. Dragsfj\u00e4rds kommun, \u00e4gdes av makarna Johannes (f. 1888) och Edit Gullstr\u00f6m (f\u00f6dd Mickelsson, f. 1895) i ca. 200 hektar. De fick fyra barn, Karl (f. 1929), Inger (f. 1931), Eric (f. 1932) och Estrid (f. 1936). Barnen f\u00f6rblev ogifta och barnl\u00f6sa. Efter att brodern Eric avlidit uppt\u00e4ckte syskonen att var och en av dem f\u00f6ran leda till stora skatter, l\u00e5ngt \u00f6ver en tredjedel av fastighetens v\u00e4rde. Detta skulle varken gynna g\u00e5rden eller regionen. \u00d6nskan var dock att arvet skulle gagna den \u00e4lskade regionen.<\/p><p>Under h\u00f6sten 2003 p\u00e5b\u00f6rjades arbetet med stiftelsen. En stiftelse valdes som verksamhetsform och \u00e4ndam\u00e5let var att st\u00f6dja utbildning av ungdomar i samh\u00e4llet genom att dela ut stipendier. Det verkade vara det s\u00e4tt som b\u00e4st skulle tj\u00e4na regionen p\u00e5 l\u00e5ng sikt, samtidigt som det skulle uppmuntra unga m\u00e4nniskor att f\u00e5 en bra utbildning och inkomst.<\/p><p>Beslutet att bilda en syskonstiftelse fattades h\u00f6sten 2003. Syskonen Karl, Inger och Estrid undertecknade stiftelseurkunden i april 2004. Var och en av dem donerade 10 000 euro till grundkapitalet. Syskonen Gullstr\u00f6ms stiftelse registrerades i stiftelseregistret den 30 juli 2004.<\/p><p>Den 31.12.2004 s\u00e5lde syskonen Stusn\u00e4sg\u00e5rd till M\u00e5rten och Britt-Maj Nurmio. Syskonen donerade omedelbart en betydande del av k\u00f6peskillingen till stiftelsen. Dessutom hade de redan 2003 uppr\u00e4ttat testamenten, enligt vilka hela deras kvarl\u00e5tenskap och andel i Stusn\u00e4sg\u00e5rd med vissa undantag skulle tillfalla syskonstiftelsen. Estrid Gullstr\u00f6m levde l\u00e4ngst. Hon avled den 25.11.2019.<\/p>\t\t\t\t\t\t\t\t<\/div>\n\t\t\t\t<\/div>\n\t\t\t\t<div class=\"elementor-element elementor-element-8ff91fd elementor-widget elementor-widget-gallery\" data-id=\"8ff91fd\" data-element_type=\"widget\" data-e-type=\"widget\" data-settings=\"{&quot;columns&quot;:5,&quot;gallery_layout&quot;:&quot;grid&quot;,&quot;columns_tablet&quot;:2,&quot;columns_mobile&quot;:1,&quot;gap&quot;:{&quot;unit&quot;:&quot;px&quot;,&quot;size&quot;:10,&quot;sizes&quot;:[]},&quot;gap_laptop&quot;:{&quot;unit&quot;:&quot;px&quot;,&quot;size&quot;:10,&quot;sizes&quot;:[]},&quot;gap_tablet&quot;:{&quot;unit&quot;:&quot;px&quot;,&quot;size&quot;:10,&quot;sizes&quot;:[]},&quot;gap_mobile&quot;:{&quot;unit&quot;:&quot;px&quot;,&quot;size&quot;:10,&quot;sizes&quot;:[]},&quot;link_to&quot;:&quot;file&quot;,&quot;aspect_ratio&quot;:&quot;3:2&quot;,&quot;overlay_background&quot;:&quot;yes&quot;,&quot;content_hover_animation&quot;:&quot;fade-in&quot;}\" data-widget_type=\"gallery.default\">\n\t\t\t\t<div class=\"elementor-widget-container\">\n\t\t\t\t\t\t\t<div class=\"elementor-gallery__container\">\n\t\t\t\t\t\t\t<a class=\"e-gallery-item elementor-gallery-item elementor-animated-content\" href=\"https:\/\/gullstrom.sivustamo.dev\/wp-content\/uploads\/2026\/04\/kirsti-toikka002-scaled.jpg\" data-elementor-open-lightbox=\"yes\" data-elementor-lightbox-slideshow=\"8ff91fd\" data-e-action-hash=\"#elementor-action%3Aaction%3Dlightbox%26settings%3DeyJpZCI6OTA3LCJ1cmwiOiJodHRwczpcL1wvZ3VsbHN0cm9tLnNpdnVzdGFtby5kZXZcL3dwLWNvbnRlbnRcL3VwbG9hZHNcLzIwMjZcLzA0XC9raXJzdGktdG9pa2thMDAyLXNjYWxlZC5qcGciLCJzbGlkZXNob3ciOiI4ZmY5MWZkIn0%3D\">\n\t\t\t\t\t<div class=\"e-gallery-image elementor-gallery-item__image\" data-thumbnail=\"https:\/\/gullstrom.sivustamo.dev\/wp-content\/uploads\/2026\/04\/kirsti-toikka002-207x300.jpg\" data-width=\"207\" data-height=\"300\" aria-label=\"\" role=\"img\" ><\/div>\n\t\t\t\t\t\t\t\t\t\t\t<div class=\"elementor-gallery-item__overlay\"><\/div>\n\t\t\t\t\t\t\t\t\t\t\t\t\t\t<\/a>\n\t\t\t\t\t\t\t<a class=\"e-gallery-item elementor-gallery-item elementor-animated-content\" href=\"https:\/\/gullstrom.sivustamo.dev\/wp-content\/uploads\/2026\/04\/kirsti-toikka003-scaled.jpg\" data-elementor-open-lightbox=\"yes\" data-elementor-lightbox-slideshow=\"8ff91fd\" data-e-action-hash=\"#elementor-action%3Aaction%3Dlightbox%26settings%3DeyJpZCI6OTA4LCJ1cmwiOiJodHRwczpcL1wvZ3VsbHN0cm9tLnNpdnVzdGFtby5kZXZcL3dwLWNvbnRlbnRcL3VwbG9hZHNcLzIwMjZcLzA0XC9raXJzdGktdG9pa2thMDAzLXNjYWxlZC5qcGciLCJzbGlkZXNob3ciOiI4ZmY5MWZkIn0%3D\">\n\t\t\t\t\t<div class=\"e-gallery-image elementor-gallery-item__image\" data-thumbnail=\"https:\/\/gullstrom.sivustamo.dev\/wp-content\/uploads\/2026\/04\/kirsti-toikka003-300x207.jpg\" data-width=\"300\" data-height=\"207\" aria-label=\"\" role=\"img\" ><\/div>\n\t\t\t\t\t\t\t\t\t\t\t<div class=\"elementor-gallery-item__overlay\"><\/div>\n\t\t\t\t\t\t\t\t\t\t\t\t\t\t<\/a>\n\t\t\t\t\t\t\t<a class=\"e-gallery-item elementor-gallery-item elementor-animated-content\" href=\"https:\/\/gullstrom.sivustamo.dev\/wp-content\/uploads\/2026\/03\/1.jpg\" data-elementor-open-lightbox=\"yes\" data-elementor-lightbox-slideshow=\"8ff91fd\" data-e-action-hash=\"#elementor-action%3Aaction%3Dlightbox%26settings%3DeyJpZCI6Nzc2LCJ1cmwiOiJodHRwczpcL1wvZ3VsbHN0cm9tLnNpdnVzdGFtby5kZXZcL3dwLWNvbnRlbnRcL3VwbG9hZHNcLzIwMjZcLzAzXC8xLmpwZyIsInNsaWRlc2hvdyI6IjhmZjkxZmQifQ%3D%3D\">\n\t\t\t\t\t<div class=\"e-gallery-image elementor-gallery-item__image\" data-thumbnail=\"https:\/\/gullstrom.sivustamo.dev\/wp-content\/uploads\/2026\/03\/1-300x205.jpg\" data-width=\"300\" data-height=\"205\" aria-label=\"\" role=\"img\" ><\/div>\n\t\t\t\t\t\t\t\t\t\t\t<div class=\"elementor-gallery-item__overlay\"><\/div>\n\t\t\t\t\t\t\t\t\t\t\t\t\t\t<\/a>\n\t\t\t\t\t\t\t<a class=\"e-gallery-item elementor-gallery-item elementor-animated-content\" href=\"https:\/\/gullstrom.sivustamo.dev\/wp-content\/uploads\/2026\/04\/kirsti-toikka001-scaled.jpg\" data-elementor-open-lightbox=\"yes\" data-elementor-lightbox-slideshow=\"8ff91fd\" data-e-action-hash=\"#elementor-action%3Aaction%3Dlightbox%26settings%3DeyJpZCI6OTA5LCJ1cmwiOiJodHRwczpcL1wvZ3VsbHN0cm9tLnNpdnVzdGFtby5kZXZcL3dwLWNvbnRlbnRcL3VwbG9hZHNcLzIwMjZcLzA0XC9raXJzdGktdG9pa2thMDAxLXNjYWxlZC5qcGciLCJzbGlkZXNob3ciOiI4ZmY5MWZkIn0%3D\">\n\t\t\t\t\t<div class=\"e-gallery-image elementor-gallery-item__image\" data-thumbnail=\"https:\/\/gullstrom.sivustamo.dev\/wp-content\/uploads\/2026\/04\/kirsti-toikka001-300x207.jpg\" data-width=\"300\" data-height=\"207\" aria-label=\"\" role=\"img\" ><\/div>\n\t\t\t\t\t\t\t\t\t\t\t<div class=\"elementor-gallery-item__overlay\"><\/div>\n\t\t\t\t\t\t\t\t\t\t\t\t\t\t<\/a>\n\t\t\t\t\t\t\t<a class=\"e-gallery-item elementor-gallery-item elementor-animated-content\" href=\"https:\/\/gullstrom.sivustamo.dev\/wp-content\/uploads\/2026\/03\/4.jpg\" data-elementor-open-lightbox=\"yes\" data-elementor-lightbox-slideshow=\"8ff91fd\" data-e-action-hash=\"#elementor-action%3Aaction%3Dlightbox%26settings%3DeyJpZCI6NzczLCJ1cmwiOiJodHRwczpcL1wvZ3VsbHN0cm9tLnNpdnVzdGFtby5kZXZcL3dwLWNvbnRlbnRcL3VwbG9hZHNcLzIwMjZcLzAzXC80LmpwZyIsInNsaWRlc2hvdyI6IjhmZjkxZmQifQ%3D%3D\">\n\t\t\t\t\t<div class=\"e-gallery-image elementor-gallery-item__image\" data-thumbnail=\"https:\/\/gullstrom.sivustamo.dev\/wp-content\/uploads\/2026\/03\/4-207x300.jpg\" data-width=\"207\" data-height=\"300\" aria-label=\"\" role=\"img\" ><\/div>\n\t\t\t\t\t\t\t\t\t\t\t<div class=\"elementor-gallery-item__overlay\"><\/div>\n\t\t\t\t\t\t\t\t\t\t\t\t\t\t<\/a>\n\t\t\t\t\t<\/div>\n\t\t\t\t\t<\/div>\n\t\t\t\t<\/div>\n\t\t\t\t\t<\/div>\n\t\t\t\t<\/div>\n\t\t<div class=\"elementor-element elementor-element-6e95b39 osiopadding e-flex e-con-boxed e-con e-parent\" data-id=\"6e95b39\" data-element_type=\"container\" data-e-type=\"container\" data-settings=\"{&quot;background_background&quot;:&quot;classic&quot;,&quot;jet_parallax_layout_list&quot;:[]}\">\n\t\t\t\t\t<div class=\"e-con-inner\">\n\t\t<div class=\"elementor-element elementor-element-6f657fc e-con-full e-flex e-con e-child\" data-id=\"6f657fc\" data-element_type=\"container\" data-e-type=\"container\" data-settings=\"{&quot;jet_parallax_layout_list&quot;:[]}\">\n\t\t\t\t<div class=\"elementor-element elementor-element-8af469c elementor-widget elementor-widget-heading\" data-id=\"8af469c\" data-element_type=\"widget\" data-e-type=\"widget\" data-widget_type=\"heading.default\">\n\t\t\t\t<div class=\"elementor-widget-container\">\n\t\t\t\t\t<h2 class=\"elementor-heading-title elementor-size-default\">Stipendier f\u00f6r unga m\u00e4nniskor sedan 2006<\/h2>\t\t\t\t<\/div>\n\t\t\t\t<\/div>\n\t\t\t\t<div class=\"elementor-element elementor-element-0d828cd elementor-widget-divider--view-line elementor-widget elementor-widget-divider\" data-id=\"0d828cd\" data-element_type=\"widget\" data-e-type=\"widget\" data-widget_type=\"divider.default\">\n\t\t\t\t<div class=\"elementor-widget-container\">\n\t\t\t\t\t\t\t<div class=\"elementor-divider\">\n\t\t\t<span class=\"elementor-divider-separator\">\n\t\t\t\t\t\t<\/span>\n\t\t<\/div>\n\t\t\t\t\t\t<\/div>\n\t\t\t\t<\/div>\n\t\t\t\t<\/div>\n\t\t\t\t<div class=\"elementor-element elementor-element-792e667 elementor-widget elementor-widget-text-editor\" data-id=\"792e667\" data-element_type=\"widget\" data-e-type=\"widget\" data-widget_type=\"text-editor.default\">\n\t\t\t\t<div class=\"elementor-widget-container\">\n\t\t\t\t\t\t\t\t\t<h3>Stipendier f\u00f6r att st\u00f6dja ungdomar<\/h3><p>K\u00e4rnan i stiftelsens verksamhet \u00e4r att <strong>st\u00f6dja utbildning genom att dela ut stipendier<\/strong> p\u00e5 grundval av ans\u00f6kningar. Genom att st\u00f6dja utbildning vill stiftelsen uppmuntra unga m\u00e4nniskor att skaffa sig en bra och bred utbildning som inte bara st\u00e4rker deras framtid utan \u00e4ven den lokala livskraften.<\/p><p>Syskonen Gullstr\u00f6ms Stiftelses arbete bygger p\u00e5 <strong>uth\u00e5llighet och k\u00e4rlek till n\u00e4romr\u00e5det<\/strong>. M\u00e5let \u00e4r att stiftelsens st\u00f6d skall nytja ungdomarna i omr\u00e5det. Och genom dem hela samh\u00e4llet.<\/p><h3>Kriterier f\u00f6r tilldelning av bidrag<\/h3><p>Syskonen Gullstr\u00f6ms stiftelse delar ut stipendier till yrkes- och h\u00f6gskolestuderande med anknytning till Dragsfj\u00e4rd. Syftet med stiftelsen \u00e4r att st\u00f6dja ungdomar p\u00e5 deras utbildningsv\u00e4g och uppmuntra till l\u00e5ngsiktigt l\u00e4rande.<\/p><p>Stipendierna riktar sig i f\u00f6rsta hand till:<\/p><ul><li><strong>F\u00f6r heltidsstuderande<\/strong> som studerar vid en yrkes- eller en h\u00f6gskola.<\/li><li><strong>S\u00f6kande med anknytning till omr\u00e5det<\/strong> &#8211; till exempel familjebakgrund, bostadsort eller annan anknytning till Dragsfj\u00e4rdsregionen.<\/li><li><strong>F\u00f6r studenter som visar ambition, motivation och engagemang f\u00f6r sina studier.<\/strong><\/li><\/ul><p>Antalet stipendier och stipendiebeloppet varierar fr\u00e5n \u00e5r till \u00e5r beroende p\u00e5 stiftelsens ekonomiska situation. Ans\u00f6kningar kommer att behandlas konfidentiellt. Beslut fattas av stiftelsens styrelse i enlighet med stadgarna och stiftelsens \u00e4ndam\u00e5l.<\/p><p>Stiftelsen hoppas att st\u00f6det inte bara skall underl\u00e4tta vardagen, utan ocks\u00e5 uppmuntra unga m\u00e4nniskor att \u00e5terv\u00e4nda till sin hemregion och bidra till att bygga dess framtid.<\/p>\t\t\t\t\t\t\t\t<\/div>\n\t\t\t\t<\/div>\n\t\t\t\t\t<\/div>\n\t\t\t\t<\/div>\n\t\t\t\t<\/div>\n\t\t","protected":false},"excerpt":{"rendered":"<p>Stusn\u00e4sg\u00e5rd, som ligger i f.d. Dragsfj\u00e4rds kommun, \u00e4gdes av makarna Johannes (f. 1888) och Edit Gullstr\u00f6m (f\u00f6dd Mickelsson, f. 1895) i ca. 200 hektar. De fick fyra barn, Karl (f. 1929), Inger (f. 1931), Eric (f. 1932) och Estrid (f. 1936). Barnen f\u00f6rblev ogifta och barnl\u00f6sa. Efter att brodern Eric avlidit uppt\u00e4ckte syskonen att var [&hellip;]<\/p>\n","protected":false},"author":1,"featured_media":0,"parent":0,"menu_order":0,"comment_status":"closed","ping_status":"closed","template":"","meta":{"footnotes":""},"class_list":["post-769","page","type-page","status-publish","hentry"],"_links":{"self":[{"href":"https:\/\/gullstrom.sivustamo.dev\/sv\/wp-json\/wp\/v2\/pages\/769","targetHints":{"allow":["GET"]}}],"collection":[{"href":"https:\/\/gullstrom.sivustamo.dev\/sv\/wp-json\/wp\/v2\/pages"}],"about":[{"href":"https:\/\/gullstrom.sivustamo.dev\/sv\/wp-json\/wp\/v2\/types\/page"}],"author":[{"embeddable":true,"href":"https:\/\/gullstrom.sivustamo.dev\/sv\/wp-json\/wp\/v2\/users\/1"}],"replies":[{"embeddable":true,"href":"https:\/\/gullstrom.sivustamo.dev\/sv\/wp-json\/wp\/v2\/comments?post=769"}],"version-history":[{"count":14,"href":"https:\/\/gullstrom.sivustamo.dev\/sv\/wp-json\/wp\/v2\/pages\/769\/revisions"}],"predecessor-version":[{"id":922,"href":"https:\/\/gullstrom.sivustamo.dev\/sv\/wp-json\/wp\/v2\/pages\/769\/revisions\/922"}],"wp:attachment":[{"href":"https:\/\/gullstrom.sivustamo.dev\/sv\/wp-json\/wp\/v2\/media?parent=769"}],"curies":[{"name":"wp","href":"https:\/\/api.w.org\/{rel}","templated":true}]}}